{"id":630,"date":"2024-02-10T21:04:53","date_gmt":"2024-02-10T20:04:53","guid":{"rendered":"https:\/\/www.augenzentrumvisp.ch\/?page_id=630"},"modified":"2024-04-20T07:44:52","modified_gmt":"2024-04-20T05:44:52","slug":"medizinische-dienstleistungen","status":"publish","type":"page","link":"https:\/\/www.augenzentrumvisp.ch\/index.php\/medizinische-dienstleistungen\/","title":{"rendered":"Medizinische Dienstleistungen"},"content":{"rendered":"\n<p><\/p>\n\n\n\n<p><strong>Allgemeine Augenheilkunde<\/strong><\/p>\n\n\n\n<p><strong>Konservative Behandlung<\/strong><\/p>\n\n\n\n<p><em>Mit einer nicht-chirurgischen Behandlung helfen wir unseren Patienten, ihre Krankheit so effektiv wie m\u00f6glich zu heilen, indem wir die Ursache ermitteln und beseitigen, anstatt nur ihre Auswirkungen zu bek\u00e4mpfen. In diesem Bereich der Diagnostik und Therapie setzen wir alles daran, eine Operation f\u00fcr unsere Patienten jetzt und in Zukunft zu vermeiden.<\/em><em><\/em><\/p>\n\n\n\n<p>Routinekontrolle; wegen besonderen Druckbedingungen in den Bergen werden regelm\u00e4ssige Kontrollen alle 2 Jahre auch bei jungen Patienten empfohlen<\/p>\n\n\n\n<p>Sehschw\u00e4chen: Weitsichtigkeit (Hyperopie), Kurzsichtigkeit (Myopie), Hornhautverkr\u00fcmmung (Astigmatismus), Alterssichtigkeit (Presbyopie)<\/p>\n\n\n\n<p>Augenentz\u00fcndungen: Bindehautentz\u00fcndung, Iridozyklitis, Aderhaut-, Lederhaut- und Sehnerventz\u00fcndung<\/p>\n\n\n\n<p>Gr\u00fcner Star (Glaukom) und Augeninnendruckerh\u00f6hung<\/p>\n\n\n\n<p>Grauer Star (Katarakt)<\/p>\n\n\n\n<p>Trockene Augen (Keratoconjunktivitis sicca, DES \u2013 dry eye syndrom)<\/p>\n\n\n\n<p>AMD (Altersbedingte Makuladegeneration); Krankheit der zentralen Netzhaut<\/p>\n\n\n\n<p>Netzhautver\u00e4nderungen bei Diabetes und Bluthochdruck (Retinopathie)<\/p>\n\n\n\n<p>Netzhautdegenerationen, Netzhautabl\u00f6sung Risiko<\/p>\n\n\n\n<p>Augenmigr\u00e4ne und augendruckbedingte Migr\u00e4ne\/Kopfschmerzen<\/p>\n\n\n\n<p>Augen\u00e4rztliche Untersuchungen bei MS, Parkinson, Alzheimer (Demenz)<\/p>\n\n\n\n<p>Augenlasereingriffe (YAG Iridotomie, YAG Kapsulotomie, SLT, ALK)<\/p>\n\n\n\n<p>Gesichtsfeldst\u00f6rungen; glaukomatisch, neurologisch<\/p>\n\n\n\n<p>Augenverletzungen (Fremdk\u00f6rper)<\/p>\n\n\n\n<p>Brillenverordnung; auch nach der genauen Ausmessung mit Augentropfen (Cycloplegie)<\/p>\n\n\n\n<p>F\u00fchrerschein-, Fahrtauglichkeit<\/p>\n\n\n\n<p>Konsultationen f\u00fcr andere \u00c4rzte; Haus\u00e4rzte, Diabetologen, HNO-\u00c4rzte, Kardiologen, Rheumatologen und andere Spezialisten<\/p>\n\n\n\n<p><strong>Neurophthalmologie \u00abNeuro-Augenheilkunde\u00bb<\/strong><\/p>\n\n\n\n<p><em>In diesem Bereich der Augenheilkunde befassen wir uns mit den Verbindungen zwischen dem Auge und dem Gehirn und den Krankheiten, die diese beiden eng miteinander verbundenen Organe oft komplizieren. Der Sehnerv ist kein Nerv im engeren Sinne, sondern ein Bestandteil des Gehirns in der Augenh\u00f6hle. Die Augenarterie ist ein Zweig der wichtigsten Arterie des Gehirns. Eine wirksame Behandlung muss daher auf einer Analyse der beiden Organe und ihrer Verbindungen beruhen.<\/em><em><\/em><\/p>\n\n\n\n<p><strong>Augenmigr\u00e4ne, Migr\u00e4ne und unerkl\u00e4rte Kopfschmerzen;<\/strong> wir arbeiten mit Neurologen und Radiologen zusammen, um Kopfschmerzen zu diagnostizieren und zu behandeln, die mit erh\u00f6htem Hirndruck und Augendruck zusammenh\u00e4ngen.<\/p>\n\n\n\n<p><strong>Optikusneuropathie<\/strong>; Entz\u00fcndungen und andere Pathologien des Sehnervs bei MS, Parkinson und Alzheimer Diagnostik und konservative Behandlung.<\/p>\n\n\n\n<p><strong>Ophthalmologische Diagnostik der L\u00e4sionen des Zentralnervensystems<\/strong>, z. B. bei tumorbedingten Hirnst\u00f6rungen.<\/p>\n\n\n\n<p><strong>Augen\u00e4rztliche Kinderecke<\/strong><\/p>\n\n\n\n<p><em>Unsere Kinder sind unser h\u00f6chster Wert und bestimmen die Zukunft der gesamten Gesellschaft. Wir tun alles daf\u00fcr, dass sich ihr Sehsinn sicher entwickelt und sie den bestm\u00f6glichen Start in Schule und Beruf haben. Besonders in der heutigen Zeit, in der das Lernen nicht nur auf gedruckter Schrift, sondern auch auf elektronischen Ger\u00e4ten basiert, die die Augen von Kindern und Jugendlichen gef\u00e4hrden k\u00f6nnen.<\/em><em><\/em><\/p>\n\n\n\n<p><strong>Betreuung der korrekten Entwicklung des Sehapparats des Kindes; <\/strong>regelm\u00e4ssige Kontrollen des Augapfelwachstums und der Sehentwicklung<\/p>\n\n\n\n<p><strong>Diagnostik und Behandlung der Amblyopie (Schwachsichtigkeit<\/strong>); wirksame, sichere und sehr schnelle Therapie mit Hilfe einer eigens entwickelten Methode, die zwei Methoden zur Stimulierung des schw\u00e4cheren Auges kombiniert (Zusammenarbeit mit Prof. David Pi\u00f1ero von der Universit\u00e4t Alicante; klinischer Optometrist und Autor einer Anwendung f\u00fcr elektronische Ger\u00e4te zur Behandlung der Schwachsichtigkeit).<\/p>\n\n\n\n<p><strong>Vorbeugung und Behandlung der Myopie (Kurzsichtigkeit)<\/strong> mit den neuesten gepr\u00fcften Methoden; Zusammenarbeit mit Eltern und Kindern im Bereich der pharmakologischen Behandlung, der geeigneten Sehhygiene, der Ern\u00e4hrung und der richtigen optischen Korrektur zur Hemmung der Myopieprogression (Fortschreiten der Kurzsichtigkeit).<\/p>\n\n\n\n<p><strong>Laserbehandlung<\/strong><\/p>\n\n\n\n<p><em>Die Entwicklung der Augenheilkunde und der Augenlasertherapie hat die M\u00f6glichkeit einer augen- und k\u00f6rperschonenden mikrochirurgischen Behandlung des Organs ohne das Risiko von Komplikationen, die bei der klassischen Chirurgie auftreten, mit sich gebracht<\/em><em><\/em><\/p>\n\n\n\n<p>In unserem Zentrum f\u00fchren wir Laserbehandlungen mit den modernsten Ger\u00e4ten durch, die notwendig sind, um die Risikofaktoren der Krankheit zu verhindern:<\/p>\n\n\n\n<p><strong>YAG-Laser-Kapsulotomie<\/strong> &#8211; Laserentfernung der getr\u00fcbten hinteren Linsenkapsel nach einer Kataraktextraktion (nach Grauer-Star-OP)<\/p>\n\n\n\n<p><strong>YAG-Laser-Iridotomie<\/strong> zur Behandlung des Glaukoms &#8211; senkt den Augeninnendruck in der Hinterkammer und im Glask\u00f6rper (klinisch relevante R\u00e4ume f\u00fcr alle an der Sehnervenatrophie beteiligten Augenorgane) durch L\u00f6sung des Pupillarblocks und verringert das Risiko eines Glaukomanfalls<\/p>\n\n\n\n<p><strong>SLT \u2013 Selektive Laser Trabekuloplastik<\/strong> zur Behandlung des Glaukoms (Gr\u00fcner Star); verbessert den Abfluss des Kammerwassers aus der vorderen Augenkammer durch den Kammerwinkel in die \u00e4usseren Venen<\/p>\n\n\n\n<p><strong>ALK \u2013 Argon Laser Koagulation der Netzhaut<\/strong>, z.B. bei Gefahr einer Netzhautabl\u00f6sung bei peripherer Netzhautdegeneration oder bei deren L\u00e4sionen, z.B. bei zentraler Netzhautvenenthrombose oder vaskul\u00e4ren Netzhautl\u00e4sionen bei Diabetes.<\/p>\n\n\n\n<p><strong>Chirurgie<\/strong><\/p>\n\n\n\n<p><em>Unsere Strategie bei der Betreuung unserer Patienten besteht darin, Krankheiten vorzubeugen und sie so zu behandeln, dass die Notwendigkeit einer Augenoperation vermieden wird. Es gibt jedoch Mechanismen in der Medizin, die wir mit konservativen Mitteln nicht vollst\u00e4ndig aufhalten k\u00f6nnen.<\/em><\/p>\n\n\n\n<p>Falls unsere Patienten schon eine operative Behandlung ben\u00f6tigen, arbeiten wir mit den folgenden Partnern zusammen, so dass unsere Patienten den Ort und den Chirurgen ihrer Behandlung selbst w\u00e4hlen k\u00f6nnen:<\/p>\n\n\n\n<p>Vista Alpina Augenklinik \u2013 Visp<br>Berner Augenklinik \u2013 Bern<br>Inselspital Augenklinik \u2013 Bern<br>MV Sant\u00e9 ArteMed \/ MV Sant\u00e9 Vision &#8211; Sion<br>Groupe Ophta &#8211; Sion \/ Montreux H\u00f4pital ophtalmique Jules Gonin &#8211; Lausanne<\/p>\n","protected":false},"excerpt":{"rendered":"<p>Allgemeine Augenheilkunde Konservative Behandlung Mit einer nicht-chirurgischen Behandlung helfen wir unseren Patienten, ihre Krankheit so effektiv wie m\u00f6glich zu heilen, indem wir die Ursache ermitteln und beseitigen, anstatt nur ihre [&hellip;]<\/p>\n","protected":false},"author":2,"featured_media":0,"parent":0,"menu_order":0,"comment_status":"closed","ping_status":"closed","template":"","meta":{"_regular_price":[],"currency_symbol":[],"footnotes":""},"class_list":["post-630","page","type-page","status-publish","hentry"],"post_slider_layout_featured_media_urls":{"thumbnail":"","post_slider_layout_landscape_large":"","post_slider_layout_portrait_large":"","post_slider_layout_square_large":"","post_slider_layout_landscape":"","post_slider_layout_portrait":"","post_slider_layout_square":"","full":""},"yoast_head":"<!-- This site is optimized with the Yoast SEO plugin v26.7 - https:\/\/yoast.com\/wordpress\/plugins\/seo\/ -->\n<title>Medizinische Dienstleistungen - Augenzentrum Visp<\/title>\n<meta name=\"description\" content=\"Medizinische Dienstleistungen Augenzentrum Visp\" \/>\n<meta name=\"robots\" content=\"index, follow, max-snippet:-1, max-image-preview:large, max-video-preview:-1\" \/>\n<link rel=\"canonical\" href=\"https:\/\/www.augenzentrumvisp.ch\/index.php\/medizinische-dienstleistungen\/\" \/>\n<meta property=\"og:locale\" content=\"pl_PL\" \/>\n<meta property=\"og:type\" content=\"article\" \/>\n<meta property=\"og:title\" content=\"Medizinische Dienstleistungen - Augenzentrum Visp\" \/>\n<meta property=\"og:description\" content=\"Medizinische Dienstleistungen Augenzentrum Visp\" \/>\n<meta property=\"og:url\" content=\"https:\/\/www.augenzentrumvisp.ch\/index.php\/medizinische-dienstleistungen\/\" \/>\n<meta property=\"og:site_name\" content=\"Augenzentrum Visp\" \/>\n<meta property=\"article:publisher\" content=\"https:\/\/www.facebook.com\/AugenzentrumVisp\/\" \/>\n<meta property=\"article:modified_time\" content=\"2024-04-20T05:44:52+00:00\" \/>\n<meta property=\"og:image\" content=\"https:\/\/www.augenzentrumvisp.ch\/wp-content\/uploads\/2024\/02\/6989079c-f798-4018-90c9-6ea4b71b1c45-scaled.jpg\" \/>\n\t<meta property=\"og:image:width\" content=\"2560\" \/>\n\t<meta property=\"og:image:height\" content=\"1707\" \/>\n\t<meta property=\"og:image:type\" content=\"image\/jpeg\" \/>\n<meta name=\"twitter:card\" content=\"summary_large_image\" \/>\n<meta name=\"twitter:label1\" content=\"Szacowany czas czytania\" \/>\n\t<meta name=\"twitter:data1\" content=\"5 minut\" \/>\n<script type=\"application\/ld+json\" class=\"yoast-schema-graph\">{\"@context\":\"https:\/\/schema.org\",\"@graph\":[{\"@type\":\"WebPage\",\"@id\":\"https:\/\/www.augenzentrumvisp.ch\/index.php\/medizinische-dienstleistungen\/\",\"url\":\"https:\/\/www.augenzentrumvisp.ch\/index.php\/medizinische-dienstleistungen\/\",\"name\":\"Medizinische Dienstleistungen - Augenzentrum Visp\",\"isPartOf\":{\"@id\":\"https:\/\/www.augenzentrumvisp.ch\/#website\"},\"datePublished\":\"2024-02-10T20:04:53+00:00\",\"dateModified\":\"2024-04-20T05:44:52+00:00\",\"description\":\"Medizinische Dienstleistungen Augenzentrum Visp\",\"breadcrumb\":{\"@id\":\"https:\/\/www.augenzentrumvisp.ch\/index.php\/medizinische-dienstleistungen\/#breadcrumb\"},\"inLanguage\":\"pl-PL\",\"potentialAction\":[{\"@type\":\"ReadAction\",\"target\":[\"https:\/\/www.augenzentrumvisp.ch\/index.php\/medizinische-dienstleistungen\/\"]}]},{\"@type\":\"BreadcrumbList\",\"@id\":\"https:\/\/www.augenzentrumvisp.ch\/index.php\/medizinische-dienstleistungen\/#breadcrumb\",\"itemListElement\":[{\"@type\":\"ListItem\",\"position\":1,\"name\":\"Strona g\u0142\u00f3wna\",\"item\":\"https:\/\/www.augenzentrumvisp.ch\/\"},{\"@type\":\"ListItem\",\"position\":2,\"name\":\"Medizinische Dienstleistungen\"}]},{\"@type\":\"WebSite\",\"@id\":\"https:\/\/www.augenzentrumvisp.ch\/#website\",\"url\":\"https:\/\/www.augenzentrumvisp.ch\/\",\"name\":\"Augenzentum Visp\",\"description\":\"\",\"publisher\":{\"@id\":\"https:\/\/www.augenzentrumvisp.ch\/#organization\"},\"potentialAction\":[{\"@type\":\"SearchAction\",\"target\":{\"@type\":\"EntryPoint\",\"urlTemplate\":\"https:\/\/www.augenzentrumvisp.ch\/?s={search_term_string}\"},\"query-input\":{\"@type\":\"PropertyValueSpecification\",\"valueRequired\":true,\"valueName\":\"search_term_string\"}}],\"inLanguage\":\"pl-PL\"},{\"@type\":\"Organization\",\"@id\":\"https:\/\/www.augenzentrumvisp.ch\/#organization\",\"name\":\"Augenzentum Visp\",\"url\":\"https:\/\/www.augenzentrumvisp.ch\/\",\"logo\":{\"@type\":\"ImageObject\",\"inLanguage\":\"pl-PL\",\"@id\":\"https:\/\/www.augenzentrumvisp.ch\/#\/schema\/logo\/image\/\",\"url\":\"https:\/\/www.augenzentrumvisp.ch\/wp-content\/uploads\/2024\/02\/cropped-logo1-niebieski-scaled-2.jpg\",\"contentUrl\":\"https:\/\/www.augenzentrumvisp.ch\/wp-content\/uploads\/2024\/02\/cropped-logo1-niebieski-scaled-2.jpg\",\"width\":2467,\"height\":414,\"caption\":\"Augenzentum Visp\"},\"image\":{\"@id\":\"https:\/\/www.augenzentrumvisp.ch\/#\/schema\/logo\/image\/\"},\"sameAs\":[\"https:\/\/www.facebook.com\/AugenzentrumVisp\/\",\"https:\/\/www.linkedin.com\/in\/piotr-nogal-md-4442a41a0\/\"]}]}<\/script>\n<!-- \/ Yoast SEO plugin. -->","yoast_head_json":{"title":"Medizinische Dienstleistungen - Augenzentrum Visp","description":"Medizinische Dienstleistungen Augenzentrum Visp","robots":{"index":"index","follow":"follow","max-snippet":"max-snippet:-1","max-image-preview":"max-image-preview:large","max-video-preview":"max-video-preview:-1"},"canonical":"https:\/\/www.augenzentrumvisp.ch\/index.php\/medizinische-dienstleistungen\/","og_locale":"pl_PL","og_type":"article","og_title":"Medizinische Dienstleistungen - Augenzentrum Visp","og_description":"Medizinische Dienstleistungen Augenzentrum Visp","og_url":"https:\/\/www.augenzentrumvisp.ch\/index.php\/medizinische-dienstleistungen\/","og_site_name":"Augenzentrum Visp","article_publisher":"https:\/\/www.facebook.com\/AugenzentrumVisp\/","article_modified_time":"2024-04-20T05:44:52+00:00","og_image":[{"width":2560,"height":1707,"url":"https:\/\/www.augenzentrumvisp.ch\/wp-content\/uploads\/2024\/02\/6989079c-f798-4018-90c9-6ea4b71b1c45-scaled.jpg","type":"image\/jpeg"}],"twitter_card":"summary_large_image","twitter_misc":{"Szacowany czas czytania":"5 minut"},"schema":{"@context":"https:\/\/schema.org","@graph":[{"@type":"WebPage","@id":"https:\/\/www.augenzentrumvisp.ch\/index.php\/medizinische-dienstleistungen\/","url":"https:\/\/www.augenzentrumvisp.ch\/index.php\/medizinische-dienstleistungen\/","name":"Medizinische Dienstleistungen - Augenzentrum Visp","isPartOf":{"@id":"https:\/\/www.augenzentrumvisp.ch\/#website"},"datePublished":"2024-02-10T20:04:53+00:00","dateModified":"2024-04-20T05:44:52+00:00","description":"Medizinische Dienstleistungen Augenzentrum Visp","breadcrumb":{"@id":"https:\/\/www.augenzentrumvisp.ch\/index.php\/medizinische-dienstleistungen\/#breadcrumb"},"inLanguage":"pl-PL","potentialAction":[{"@type":"ReadAction","target":["https:\/\/www.augenzentrumvisp.ch\/index.php\/medizinische-dienstleistungen\/"]}]},{"@type":"BreadcrumbList","@id":"https:\/\/www.augenzentrumvisp.ch\/index.php\/medizinische-dienstleistungen\/#breadcrumb","itemListElement":[{"@type":"ListItem","position":1,"name":"Strona g\u0142\u00f3wna","item":"https:\/\/www.augenzentrumvisp.ch\/"},{"@type":"ListItem","position":2,"name":"Medizinische Dienstleistungen"}]},{"@type":"WebSite","@id":"https:\/\/www.augenzentrumvisp.ch\/#website","url":"https:\/\/www.augenzentrumvisp.ch\/","name":"Augenzentum Visp","description":"","publisher":{"@id":"https:\/\/www.augenzentrumvisp.ch\/#organization"},"potentialAction":[{"@type":"SearchAction","target":{"@type":"EntryPoint","urlTemplate":"https:\/\/www.augenzentrumvisp.ch\/?s={search_term_string}"},"query-input":{"@type":"PropertyValueSpecification","valueRequired":true,"valueName":"search_term_string"}}],"inLanguage":"pl-PL"},{"@type":"Organization","@id":"https:\/\/www.augenzentrumvisp.ch\/#organization","name":"Augenzentum Visp","url":"https:\/\/www.augenzentrumvisp.ch\/","logo":{"@type":"ImageObject","inLanguage":"pl-PL","@id":"https:\/\/www.augenzentrumvisp.ch\/#\/schema\/logo\/image\/","url":"https:\/\/www.augenzentrumvisp.ch\/wp-content\/uploads\/2024\/02\/cropped-logo1-niebieski-scaled-2.jpg","contentUrl":"https:\/\/www.augenzentrumvisp.ch\/wp-content\/uploads\/2024\/02\/cropped-logo1-niebieski-scaled-2.jpg","width":2467,"height":414,"caption":"Augenzentum Visp"},"image":{"@id":"https:\/\/www.augenzentrumvisp.ch\/#\/schema\/logo\/image\/"},"sameAs":["https:\/\/www.facebook.com\/AugenzentrumVisp\/","https:\/\/www.linkedin.com\/in\/piotr-nogal-md-4442a41a0\/"]}]}},"_links":{"self":[{"href":"https:\/\/www.augenzentrumvisp.ch\/index.php\/wp-json\/wp\/v2\/pages\/630","targetHints":{"allow":["GET"]}}],"collection":[{"href":"https:\/\/www.augenzentrumvisp.ch\/index.php\/wp-json\/wp\/v2\/pages"}],"about":[{"href":"https:\/\/www.augenzentrumvisp.ch\/index.php\/wp-json\/wp\/v2\/types\/page"}],"author":[{"embeddable":true,"href":"https:\/\/www.augenzentrumvisp.ch\/index.php\/wp-json\/wp\/v2\/users\/2"}],"replies":[{"embeddable":true,"href":"https:\/\/www.augenzentrumvisp.ch\/index.php\/wp-json\/wp\/v2\/comments?post=630"}],"version-history":[{"count":5,"href":"https:\/\/www.augenzentrumvisp.ch\/index.php\/wp-json\/wp\/v2\/pages\/630\/revisions"}],"predecessor-version":[{"id":766,"href":"https:\/\/www.augenzentrumvisp.ch\/index.php\/wp-json\/wp\/v2\/pages\/630\/revisions\/766"}],"wp:attachment":[{"href":"https:\/\/www.augenzentrumvisp.ch\/index.php\/wp-json\/wp\/v2\/media?parent=630"}],"curies":[{"name":"wp","href":"https:\/\/api.w.org\/{rel}","templated":true}]}}