{"id":618,"date":"2024-02-10T20:36:08","date_gmt":"2024-02-10T19:36:08","guid":{"rendered":"https:\/\/www.augenzentrumvisp.ch\/?page_id=618"},"modified":"2024-04-04T17:17:26","modified_gmt":"2024-04-04T15:17:26","slug":"augenzentrum-visp-kontakt","status":"publish","type":"page","link":"https:\/\/www.augenzentrumvisp.ch\/index.php\/augenzentrum-visp-kontakt\/","title":{"rendered":"Kontakt"},"content":{"rendered":"<div class=\"wp-block-image\">\n<figure class=\"aligncenter size-large is-resized\"><img loading=\"lazy\" decoding=\"async\" width=\"1024\" height=\"683\" src=\"https:\/\/www.augenzentrumvisp.ch\/wp-content\/uploads\/2024\/02\/1c918140-38c4-428b-ae36-66fa47767f40-1024x683.jpg\" alt=\"Augenzentrum Visp Kontakt\" class=\"wp-image-707\" style=\"width:415px;height:auto\" srcset=\"https:\/\/www.augenzentrumvisp.ch\/wp-content\/uploads\/2024\/02\/1c918140-38c4-428b-ae36-66fa47767f40-1024x683.jpg 1024w, https:\/\/www.augenzentrumvisp.ch\/wp-content\/uploads\/2024\/02\/1c918140-38c4-428b-ae36-66fa47767f40-300x200.jpg 300w, https:\/\/www.augenzentrumvisp.ch\/wp-content\/uploads\/2024\/02\/1c918140-38c4-428b-ae36-66fa47767f40-768x512.jpg 768w\" sizes=\"auto, (max-width: 1024px) 100vw, 1024px\" \/><\/figure>\n<\/div>\n\n\n<p style=\"font-size:16px\"><strong>Unsere \u00d6ffnungszeiten <\/strong><\/p>\n\n\n\n<p style=\"font-size:16px\">Montag: 8-12 Uhr \/ 13 \u2013 17.00 Uhr<br>Dienstag: 8-12 Uhr \/ 13 \u2013 17.00 Uhr<br>Mittwoch: 8-12 Uhr \/ 13 \u2013 17.00 Uhr<br>Donnerstag: 8-12 Uhr \/ 13 \u2013 17.00 Uhr<br>Freitag: 8-12 Uhr \/ 13 \u2013 17.00 Uhr&nbsp; (zweiter und vierter Freitag im Monat)<\/p>\n\n\n\n<p style=\"font-size:16px\">Samstag und Sonntag geschlossen<\/p>\n\n\n<div class=\"wp-block-image\">\n<figure class=\"aligncenter size-large is-resized\"><img loading=\"lazy\" decoding=\"async\" width=\"1024\" height=\"429\" src=\"https:\/\/www.augenzentrumvisp.ch\/wp-content\/uploads\/2024\/02\/7f35e843-5b3c-4cea-96b1-d543f8f69374-1-1024x429.jpg\" alt=\"\" class=\"wp-image-706\" style=\"width:208px;height:auto\" srcset=\"https:\/\/www.augenzentrumvisp.ch\/wp-content\/uploads\/2024\/02\/7f35e843-5b3c-4cea-96b1-d543f8f69374-1-1024x429.jpg 1024w, https:\/\/www.augenzentrumvisp.ch\/wp-content\/uploads\/2024\/02\/7f35e843-5b3c-4cea-96b1-d543f8f69374-1-300x126.jpg 300w, https:\/\/www.augenzentrumvisp.ch\/wp-content\/uploads\/2024\/02\/7f35e843-5b3c-4cea-96b1-d543f8f69374-1-768x322.jpg 768w, https:\/\/www.augenzentrumvisp.ch\/wp-content\/uploads\/2024\/02\/7f35e843-5b3c-4cea-96b1-d543f8f69374-1-1536x644.jpg 1536w, https:\/\/www.augenzentrumvisp.ch\/wp-content\/uploads\/2024\/02\/7f35e843-5b3c-4cea-96b1-d543f8f69374-1-2048x859.jpg 2048w\" sizes=\"auto, (max-width: 1024px) 100vw, 1024px\" \/><\/figure>\n<\/div>\n\n\n<p style=\"font-size:16px\"><strong>Unsere Adresse<\/strong> &nbsp;&nbsp;<\/p>\n\n\n\n<p style=\"font-size:16px\">Augenzentrum Visp<br>Kantonsstrasse 5<br>3930 Visp<\/p>\n\n\n\n<p>Mit \u00d6V: bis Bahnhof Visp und vom Bahnhof ca 110 m entfernt<br>Mit dem Auto: Parkhaus Centerpark, Parkhaus Bahnhof, Parkhaus Br\u00fcckenweg, Parkplatz M\u00fchleye hier stehen Ihnen 3 Stunden freie Parkzeit zur Verf\u00fcgung, ca 3 Gehminuten vom Augenzentrum Visp entfernt<\/p>\n\n\n\n<p style=\"font-size:16px\"><strong>Telefon<\/strong>: &nbsp;+41 (0)27&nbsp;946 34 22<br><strong>Fax:<\/strong>&nbsp;&nbsp;&nbsp;&nbsp;&nbsp;&nbsp;&nbsp; &nbsp;+41 (0) 27&nbsp;946 34 23<br><strong>E- Mail:<\/strong> <a href=\"mailto:info@augenzentrumvisp.ch\">info@augenzentrumvisp.ch<\/a><br><strong>Web:<\/strong> <a href=\"http:\/\/www.augenentrumvisp.ch\">www.augenzentrumvisp.ch<\/a><\/p>\n\n\n\n<p style=\"font-size:16px\"><strong>Sprachen<\/strong><br>Wir sprechen Wallissertitsch, Deutsch, Franz\u00f6sisch, Englisch, Italienisch, Polnisch, Russisch<\/p>\n\n\n\n<div class=\"wp-block-columns is-layout-flex wp-container-core-columns-is-layout-28f84493 wp-block-columns-is-layout-flex\">\n<div class=\"wp-block-column is-layout-flow wp-block-column-is-layout-flow\" style=\"flex-basis:100%\">\n<div class=\"wp-block-group\"><div class=\"wp-block-group__inner-container is-layout-constrained wp-block-group-is-layout-constrained\">\n<div class=\"wp-block-group\"><div class=\"wp-block-group__inner-container is-layout-constrained wp-block-group-is-layout-constrained\">\n<div class=\"wp-block-group\"><div class=\"wp-block-group__inner-container is-layout-constrained wp-block-group-is-layout-constrained\">\n<div class=\"wp-block-group\"><div class=\"wp-block-group__inner-container is-layout-constrained wp-block-group-is-layout-constrained\">\n<div class=\"wp-block-group\"><div class=\"wp-block-group__inner-container is-layout-constrained wp-block-group-is-layout-constrained\">\n<div class=\"wp-block-ive-carousel alignnone\"><div class=\"ive-carousel-wrap ive-carousel-id_651db4-bf ive-carousel-has-5-tabs ive-active-tab-1 ive-carousel-layout-tabs ive-carousel-tablet-layout-inherit ive-carousel-mobile-layout-inherit \"><div class=\"ive-carousel-content-wrap owl-carousel owl-theme\" data-margin=\"0\" data-stagepadding=\"0\" data-rewind=\"false\" data-autoplay=\"true\" data-autoplaytimeout=\"5000\" data-autoplayhoverpause=\"true\" data-autoplayspeed=\"5000\" data-navspeed=\"5000\" data-dotsspeed=\"5000\" data-loop=\"false\" data-responsive-desk=\"4\" data-responsive-tab=\"2\" data-responsive-mob=\"1\" data-navtextprev=\"fas fa-angle-left\" data-navtextnext=\"fas fa-angle-right\" data-navbtntype=\"icon\">\n<div class=\"wp-block-ive-slide ive-slide-inner-content ive-inner-tab-2 ive-inner-tab_222bcb-5b\"><div class=\"ive-slide-inner-content-inner\"><div class=\"wp-block-image\">\n<figure class=\"aligncenter size-full is-resized\"><img loading=\"lazy\" decoding=\"async\" width=\"760\" height=\"281\" src=\"https:\/\/www.augenzentrumvisp.ch\/wp-content\/uploads\/2024\/04\/AugenzentrumVisp_Opinion2.png\" alt=\"\" class=\"wp-image-838\" style=\"width:799px;height:auto\" srcset=\"https:\/\/www.augenzentrumvisp.ch\/wp-content\/uploads\/2024\/04\/AugenzentrumVisp_Opinion2.png 760w, https:\/\/www.augenzentrumvisp.ch\/wp-content\/uploads\/2024\/04\/AugenzentrumVisp_Opinion2-300x111.png 300w, https:\/\/www.augenzentrumvisp.ch\/wp-content\/uploads\/2024\/04\/AugenzentrumVisp_Opinion2-575x213.png 575w, https:\/\/www.augenzentrumvisp.ch\/wp-content\/uploads\/2024\/04\/AugenzentrumVisp_Opinion2-380x141.png 380w\" sizes=\"auto, (max-width: 760px) 100vw, 760px\" \/><\/figure>\n<\/div><\/div><\/div>\n\n\n\n<div class=\"wp-block-ive-slide ive-slide-inner-content ive-inner-tab-3 ive-inner-tab_557b90-80\"><div class=\"ive-slide-inner-content-inner\"><div class=\"wp-block-image\">\n<figure class=\"aligncenter size-full is-resized\"><img loading=\"lazy\" decoding=\"async\" width=\"760\" height=\"282\" src=\"https:\/\/www.augenzentrumvisp.ch\/wp-content\/uploads\/2024\/04\/AugenzentrumVisp_Opinion3.png\" alt=\"\" class=\"wp-image-839\" style=\"width:842px;height:auto\" srcset=\"https:\/\/www.augenzentrumvisp.ch\/wp-content\/uploads\/2024\/04\/AugenzentrumVisp_Opinion3.png 760w, https:\/\/www.augenzentrumvisp.ch\/wp-content\/uploads\/2024\/04\/AugenzentrumVisp_Opinion3-300x111.png 300w, https:\/\/www.augenzentrumvisp.ch\/wp-content\/uploads\/2024\/04\/AugenzentrumVisp_Opinion3-575x213.png 575w, https:\/\/www.augenzentrumvisp.ch\/wp-content\/uploads\/2024\/04\/AugenzentrumVisp_Opinion3-380x141.png 380w\" sizes=\"auto, (max-width: 760px) 100vw, 760px\" \/><\/figure>\n<\/div><\/div><\/div>\n\n\n\n<div class=\"wp-block-ive-slide ive-slide-inner-content ive-inner-tab-4 ive-inner-tab_83cfb6-ed\"><div class=\"ive-slide-inner-content-inner\"><div class=\"wp-block-image\">\n<figure class=\"aligncenter size-full is-resized\"><img loading=\"lazy\" decoding=\"async\" width=\"765\" height=\"335\" src=\"https:\/\/www.augenzentrumvisp.ch\/wp-content\/uploads\/2024\/04\/AugenzentrumVisp_Opinion4.png\" alt=\"\" class=\"wp-image-840\" style=\"width:861px;height:auto\" srcset=\"https:\/\/www.augenzentrumvisp.ch\/wp-content\/uploads\/2024\/04\/AugenzentrumVisp_Opinion4.png 765w, https:\/\/www.augenzentrumvisp.ch\/wp-content\/uploads\/2024\/04\/AugenzentrumVisp_Opinion4-300x131.png 300w, https:\/\/www.augenzentrumvisp.ch\/wp-content\/uploads\/2024\/04\/AugenzentrumVisp_Opinion4-575x252.png 575w, https:\/\/www.augenzentrumvisp.ch\/wp-content\/uploads\/2024\/04\/AugenzentrumVisp_Opinion4-380x166.png 380w\" sizes=\"auto, (max-width: 765px) 100vw, 765px\" \/><\/figure>\n<\/div><\/div><\/div>\n\n\n\n<div class=\"wp-block-ive-slide ive-slide-inner-content ive-inner-tab-1 ive-inner-tab_cc4511-5a\"><div class=\"ive-slide-inner-content-inner\"><div class=\"wp-block-image\">\n<figure class=\"aligncenter size-full is-resized\"><img loading=\"lazy\" decoding=\"async\" width=\"758\" height=\"252\" src=\"https:\/\/www.augenzentrumvisp.ch\/wp-content\/uploads\/2024\/04\/AugenzentrumVisp_Opinion1.png\" alt=\"\" class=\"wp-image-837\" style=\"width:810px;height:auto\" srcset=\"https:\/\/www.augenzentrumvisp.ch\/wp-content\/uploads\/2024\/04\/AugenzentrumVisp_Opinion1.png 758w, https:\/\/www.augenzentrumvisp.ch\/wp-content\/uploads\/2024\/04\/AugenzentrumVisp_Opinion1-300x100.png 300w, https:\/\/www.augenzentrumvisp.ch\/wp-content\/uploads\/2024\/04\/AugenzentrumVisp_Opinion1-575x191.png 575w, https:\/\/www.augenzentrumvisp.ch\/wp-content\/uploads\/2024\/04\/AugenzentrumVisp_Opinion1-380x126.png 380w\" sizes=\"auto, (max-width: 758px) 100vw, 758px\" \/><\/figure>\n<\/div><\/div><\/div>\n\n\n\n<div class=\"wp-block-ive-slide ive-slide-inner-content ive-inner-tab-5 ive-inner-tab_fc6b29-2d\"><div class=\"ive-slide-inner-content-inner\"><div class=\"wp-block-image\">\n<figure class=\"aligncenter size-full is-resized\"><img loading=\"lazy\" decoding=\"async\" width=\"760\" height=\"269\" src=\"https:\/\/www.augenzentrumvisp.ch\/wp-content\/uploads\/2024\/04\/AugenzentrumVisp_Opinion5.png\" alt=\"\" class=\"wp-image-841\" style=\"width:944px;height:auto\" srcset=\"https:\/\/www.augenzentrumvisp.ch\/wp-content\/uploads\/2024\/04\/AugenzentrumVisp_Opinion5.png 760w, https:\/\/www.augenzentrumvisp.ch\/wp-content\/uploads\/2024\/04\/AugenzentrumVisp_Opinion5-300x106.png 300w, https:\/\/www.augenzentrumvisp.ch\/wp-content\/uploads\/2024\/04\/AugenzentrumVisp_Opinion5-575x204.png 575w, https:\/\/www.augenzentrumvisp.ch\/wp-content\/uploads\/2024\/04\/AugenzentrumVisp_Opinion5-380x135.png 380w\" sizes=\"auto, (max-width: 760px) 100vw, 760px\" \/><\/figure>\n<\/div><\/div><\/div>\n<\/div><\/div><\/div>\n<\/div><\/div>\n<\/div><\/div>\n<\/div><\/div>\n<\/div><\/div>\n<\/div><\/div>\n<\/div>\n<\/div>\n\n\n\n<div class=\"wp-block-ive-google-map alignnone ive_google_map_44d412-83 alignundefined\"><div id=\"overlay\" style=\"cursor:pointer\"><\/div><div class=\"ive-google-map__wrap\" id=\"ive-google-map-2d44d412-838e-400c-bf43-eb7717e02965\"><iframe class=\"ive-google-map__iframe\" src=\"https:\/\/maps.google.com\/maps?q=Augenzentrum%20Visp&amp;t=&amp;z=17&amp;ie=UTF8&amp;iwloc=&amp;output=embed\" style=\"height:567px;width:100%;opacity:1\"><\/iframe><\/div><\/div>\n","protected":false},"excerpt":{"rendered":"<p>Unsere \u00d6ffnungszeiten Montag: 8-12 Uhr \/ 13 \u2013 17.00 UhrDienstag: 8-12 Uhr \/ 13 \u2013 17.00 UhrMittwoch: 8-12 Uhr \/ 13 \u2013 17.00 UhrDonnerstag: 8-12 Uhr \/ 13 \u2013 17.00 [&hellip;]<\/p>\n","protected":false},"author":2,"featured_media":0,"parent":0,"menu_order":0,"comment_status":"closed","ping_status":"closed","template":"","meta":{"_regular_price":[],"currency_symbol":[],"footnotes":""},"class_list":["post-618","page","type-page","status-publish","hentry"],"post_slider_layout_featured_media_urls":{"thumbnail":"","post_slider_layout_landscape_large":"","post_slider_layout_portrait_large":"","post_slider_layout_square_large":"","post_slider_layout_landscape":"","post_slider_layout_portrait":"","post_slider_layout_square":"","full":""},"yoast_head":"<!-- This site is optimized with the Yoast SEO plugin v26.7 - https:\/\/yoast.com\/wordpress\/plugins\/seo\/ -->\n<title>Kontakt - Augenzentrum Visp<\/title>\n<meta name=\"description\" content=\"Augenzentrum Visp - Kontakt\" \/>\n<meta name=\"robots\" content=\"index, follow, max-snippet:-1, max-image-preview:large, max-video-preview:-1\" \/>\n<link rel=\"canonical\" href=\"https:\/\/www.augenzentrumvisp.ch\/index.php\/augenzentrum-visp-kontakt\/\" \/>\n<meta property=\"og:locale\" content=\"pl_PL\" \/>\n<meta property=\"og:type\" content=\"article\" \/>\n<meta property=\"og:title\" content=\"Kontakt - Augenzentrum Visp\" \/>\n<meta property=\"og:description\" content=\"Augenzentrum Visp - Kontakt\" \/>\n<meta property=\"og:url\" content=\"https:\/\/www.augenzentrumvisp.ch\/index.php\/augenzentrum-visp-kontakt\/\" \/>\n<meta property=\"og:site_name\" content=\"Augenzentrum Visp\" \/>\n<meta property=\"article:publisher\" content=\"https:\/\/www.facebook.com\/AugenzentrumVisp\/\" \/>\n<meta property=\"article:modified_time\" content=\"2024-04-04T15:17:26+00:00\" \/>\n<meta property=\"og:image\" content=\"https:\/\/www.augenzentrumvisp.ch\/wp-content\/uploads\/2024\/02\/1c918140-38c4-428b-ae36-66fa47767f40-1024x683.jpg\" \/>\n<meta name=\"twitter:card\" content=\"summary_large_image\" \/>\n<meta name=\"twitter:label1\" content=\"Szacowany czas czytania\" \/>\n\t<meta name=\"twitter:data1\" content=\"3 minuty\" \/>\n<script type=\"application\/ld+json\" class=\"yoast-schema-graph\">{\"@context\":\"https:\/\/schema.org\",\"@graph\":[{\"@type\":\"WebPage\",\"@id\":\"https:\/\/www.augenzentrumvisp.ch\/index.php\/augenzentrum-visp-kontakt\/\",\"url\":\"https:\/\/www.augenzentrumvisp.ch\/index.php\/augenzentrum-visp-kontakt\/\",\"name\":\"Kontakt - Augenzentrum Visp\",\"isPartOf\":{\"@id\":\"https:\/\/www.augenzentrumvisp.ch\/#website\"},\"primaryImageOfPage\":{\"@id\":\"https:\/\/www.augenzentrumvisp.ch\/index.php\/augenzentrum-visp-kontakt\/#primaryimage\"},\"image\":{\"@id\":\"https:\/\/www.augenzentrumvisp.ch\/index.php\/augenzentrum-visp-kontakt\/#primaryimage\"},\"thumbnailUrl\":\"https:\/\/www.augenzentrumvisp.ch\/wp-content\/uploads\/2024\/02\/1c918140-38c4-428b-ae36-66fa47767f40-1024x683.jpg\",\"datePublished\":\"2024-02-10T19:36:08+00:00\",\"dateModified\":\"2024-04-04T15:17:26+00:00\",\"description\":\"Augenzentrum Visp - Kontakt\",\"breadcrumb\":{\"@id\":\"https:\/\/www.augenzentrumvisp.ch\/index.php\/augenzentrum-visp-kontakt\/#breadcrumb\"},\"inLanguage\":\"pl-PL\",\"potentialAction\":[{\"@type\":\"ReadAction\",\"target\":[\"https:\/\/www.augenzentrumvisp.ch\/index.php\/augenzentrum-visp-kontakt\/\"]}]},{\"@type\":\"ImageObject\",\"inLanguage\":\"pl-PL\",\"@id\":\"https:\/\/www.augenzentrumvisp.ch\/index.php\/augenzentrum-visp-kontakt\/#primaryimage\",\"url\":\"https:\/\/www.augenzentrumvisp.ch\/wp-content\/uploads\/2024\/02\/1c918140-38c4-428b-ae36-66fa47767f40-scaled.jpg\",\"contentUrl\":\"https:\/\/www.augenzentrumvisp.ch\/wp-content\/uploads\/2024\/02\/1c918140-38c4-428b-ae36-66fa47767f40-scaled.jpg\",\"width\":2560,\"height\":1707,\"caption\":\"Augenzentrum Visp Kontakt\"},{\"@type\":\"BreadcrumbList\",\"@id\":\"https:\/\/www.augenzentrumvisp.ch\/index.php\/augenzentrum-visp-kontakt\/#breadcrumb\",\"itemListElement\":[{\"@type\":\"ListItem\",\"position\":1,\"name\":\"Strona g\u0142\u00f3wna\",\"item\":\"https:\/\/www.augenzentrumvisp.ch\/\"},{\"@type\":\"ListItem\",\"position\":2,\"name\":\"Kontakt\"}]},{\"@type\":\"WebSite\",\"@id\":\"https:\/\/www.augenzentrumvisp.ch\/#website\",\"url\":\"https:\/\/www.augenzentrumvisp.ch\/\",\"name\":\"Augenzentum Visp\",\"description\":\"\",\"publisher\":{\"@id\":\"https:\/\/www.augenzentrumvisp.ch\/#organization\"},\"potentialAction\":[{\"@type\":\"SearchAction\",\"target\":{\"@type\":\"EntryPoint\",\"urlTemplate\":\"https:\/\/www.augenzentrumvisp.ch\/?s={search_term_string}\"},\"query-input\":{\"@type\":\"PropertyValueSpecification\",\"valueRequired\":true,\"valueName\":\"search_term_string\"}}],\"inLanguage\":\"pl-PL\"},{\"@type\":\"Organization\",\"@id\":\"https:\/\/www.augenzentrumvisp.ch\/#organization\",\"name\":\"Augenzentum Visp\",\"url\":\"https:\/\/www.augenzentrumvisp.ch\/\",\"logo\":{\"@type\":\"ImageObject\",\"inLanguage\":\"pl-PL\",\"@id\":\"https:\/\/www.augenzentrumvisp.ch\/#\/schema\/logo\/image\/\",\"url\":\"https:\/\/www.augenzentrumvisp.ch\/wp-content\/uploads\/2024\/02\/cropped-logo1-niebieski-scaled-2.jpg\",\"contentUrl\":\"https:\/\/www.augenzentrumvisp.ch\/wp-content\/uploads\/2024\/02\/cropped-logo1-niebieski-scaled-2.jpg\",\"width\":2467,\"height\":414,\"caption\":\"Augenzentum Visp\"},\"image\":{\"@id\":\"https:\/\/www.augenzentrumvisp.ch\/#\/schema\/logo\/image\/\"},\"sameAs\":[\"https:\/\/www.facebook.com\/AugenzentrumVisp\/\",\"https:\/\/www.linkedin.com\/in\/piotr-nogal-md-4442a41a0\/\"]}]}<\/script>\n<!-- \/ Yoast SEO plugin. -->","yoast_head_json":{"title":"Kontakt - Augenzentrum Visp","description":"Augenzentrum Visp - Kontakt","robots":{"index":"index","follow":"follow","max-snippet":"max-snippet:-1","max-image-preview":"max-image-preview:large","max-video-preview":"max-video-preview:-1"},"canonical":"https:\/\/www.augenzentrumvisp.ch\/index.php\/augenzentrum-visp-kontakt\/","og_locale":"pl_PL","og_type":"article","og_title":"Kontakt - Augenzentrum Visp","og_description":"Augenzentrum Visp - Kontakt","og_url":"https:\/\/www.augenzentrumvisp.ch\/index.php\/augenzentrum-visp-kontakt\/","og_site_name":"Augenzentrum Visp","article_publisher":"https:\/\/www.facebook.com\/AugenzentrumVisp\/","article_modified_time":"2024-04-04T15:17:26+00:00","og_image":[{"url":"https:\/\/www.augenzentrumvisp.ch\/wp-content\/uploads\/2024\/02\/1c918140-38c4-428b-ae36-66fa47767f40-1024x683.jpg","type":"","width":"","height":""}],"twitter_card":"summary_large_image","twitter_misc":{"Szacowany czas czytania":"3 minuty"},"schema":{"@context":"https:\/\/schema.org","@graph":[{"@type":"WebPage","@id":"https:\/\/www.augenzentrumvisp.ch\/index.php\/augenzentrum-visp-kontakt\/","url":"https:\/\/www.augenzentrumvisp.ch\/index.php\/augenzentrum-visp-kontakt\/","name":"Kontakt - Augenzentrum Visp","isPartOf":{"@id":"https:\/\/www.augenzentrumvisp.ch\/#website"},"primaryImageOfPage":{"@id":"https:\/\/www.augenzentrumvisp.ch\/index.php\/augenzentrum-visp-kontakt\/#primaryimage"},"image":{"@id":"https:\/\/www.augenzentrumvisp.ch\/index.php\/augenzentrum-visp-kontakt\/#primaryimage"},"thumbnailUrl":"https:\/\/www.augenzentrumvisp.ch\/wp-content\/uploads\/2024\/02\/1c918140-38c4-428b-ae36-66fa47767f40-1024x683.jpg","datePublished":"2024-02-10T19:36:08+00:00","dateModified":"2024-04-04T15:17:26+00:00","description":"Augenzentrum Visp - Kontakt","breadcrumb":{"@id":"https:\/\/www.augenzentrumvisp.ch\/index.php\/augenzentrum-visp-kontakt\/#breadcrumb"},"inLanguage":"pl-PL","potentialAction":[{"@type":"ReadAction","target":["https:\/\/www.augenzentrumvisp.ch\/index.php\/augenzentrum-visp-kontakt\/"]}]},{"@type":"ImageObject","inLanguage":"pl-PL","@id":"https:\/\/www.augenzentrumvisp.ch\/index.php\/augenzentrum-visp-kontakt\/#primaryimage","url":"https:\/\/www.augenzentrumvisp.ch\/wp-content\/uploads\/2024\/02\/1c918140-38c4-428b-ae36-66fa47767f40-scaled.jpg","contentUrl":"https:\/\/www.augenzentrumvisp.ch\/wp-content\/uploads\/2024\/02\/1c918140-38c4-428b-ae36-66fa47767f40-scaled.jpg","width":2560,"height":1707,"caption":"Augenzentrum Visp Kontakt"},{"@type":"BreadcrumbList","@id":"https:\/\/www.augenzentrumvisp.ch\/index.php\/augenzentrum-visp-kontakt\/#breadcrumb","itemListElement":[{"@type":"ListItem","position":1,"name":"Strona g\u0142\u00f3wna","item":"https:\/\/www.augenzentrumvisp.ch\/"},{"@type":"ListItem","position":2,"name":"Kontakt"}]},{"@type":"WebSite","@id":"https:\/\/www.augenzentrumvisp.ch\/#website","url":"https:\/\/www.augenzentrumvisp.ch\/","name":"Augenzentum Visp","description":"","publisher":{"@id":"https:\/\/www.augenzentrumvisp.ch\/#organization"},"potentialAction":[{"@type":"SearchAction","target":{"@type":"EntryPoint","urlTemplate":"https:\/\/www.augenzentrumvisp.ch\/?s={search_term_string}"},"query-input":{"@type":"PropertyValueSpecification","valueRequired":true,"valueName":"search_term_string"}}],"inLanguage":"pl-PL"},{"@type":"Organization","@id":"https:\/\/www.augenzentrumvisp.ch\/#organization","name":"Augenzentum Visp","url":"https:\/\/www.augenzentrumvisp.ch\/","logo":{"@type":"ImageObject","inLanguage":"pl-PL","@id":"https:\/\/www.augenzentrumvisp.ch\/#\/schema\/logo\/image\/","url":"https:\/\/www.augenzentrumvisp.ch\/wp-content\/uploads\/2024\/02\/cropped-logo1-niebieski-scaled-2.jpg","contentUrl":"https:\/\/www.augenzentrumvisp.ch\/wp-content\/uploads\/2024\/02\/cropped-logo1-niebieski-scaled-2.jpg","width":2467,"height":414,"caption":"Augenzentum Visp"},"image":{"@id":"https:\/\/www.augenzentrumvisp.ch\/#\/schema\/logo\/image\/"},"sameAs":["https:\/\/www.facebook.com\/AugenzentrumVisp\/","https:\/\/www.linkedin.com\/in\/piotr-nogal-md-4442a41a0\/"]}]}},"_links":{"self":[{"href":"https:\/\/www.augenzentrumvisp.ch\/index.php\/wp-json\/wp\/v2\/pages\/618","targetHints":{"allow":["GET"]}}],"collection":[{"href":"https:\/\/www.augenzentrumvisp.ch\/index.php\/wp-json\/wp\/v2\/pages"}],"about":[{"href":"https:\/\/www.augenzentrumvisp.ch\/index.php\/wp-json\/wp\/v2\/types\/page"}],"author":[{"embeddable":true,"href":"https:\/\/www.augenzentrumvisp.ch\/index.php\/wp-json\/wp\/v2\/users\/2"}],"replies":[{"embeddable":true,"href":"https:\/\/www.augenzentrumvisp.ch\/index.php\/wp-json\/wp\/v2\/comments?post=618"}],"version-history":[{"count":41,"href":"https:\/\/www.augenzentrumvisp.ch\/index.php\/wp-json\/wp\/v2\/pages\/618\/revisions"}],"predecessor-version":[{"id":847,"href":"https:\/\/www.augenzentrumvisp.ch\/index.php\/wp-json\/wp\/v2\/pages\/618\/revisions\/847"}],"wp:attachment":[{"href":"https:\/\/www.augenzentrumvisp.ch\/index.php\/wp-json\/wp\/v2\/media?parent=618"}],"curies":[{"name":"wp","href":"https:\/\/api.w.org\/{rel}","templated":true}]}}