{"id":612,"date":"2024-02-10T20:26:16","date_gmt":"2024-02-10T19:26:16","guid":{"rendered":"https:\/\/www.augenzentrumvisp.ch\/?page_id=612"},"modified":"2024-03-17T18:01:47","modified_gmt":"2024-03-17T17:01:47","slug":"augenzentrumvisp-uber-uns","status":"publish","type":"page","link":"https:\/\/www.augenzentrumvisp.ch\/index.php\/augenzentrumvisp-uber-uns\/","title":{"rendered":"\u00dcber uns"},"content":{"rendered":"\n<p><\/p>\n\n\n\n<p><strong>Dr. Piotr Nogal<\/strong>, Chefarzt; 54-j\u00e4hriger Augenarzt und Diplom Sportlehrer. Der Humanist der menschlich fokussiert ist. Autor des von der Augeninnendruckerh\u00f6hung abh\u00e4ngigen Migr\u00e4nemechanismus. Konstruktor (in Zusammenarbeit mit seiner Frau Dipl.-Ing. Anna Nogal) des nichtinvasiven Tonometers der hinteren Kammer.<\/p>\n\n\n\n<p>Er besch\u00e4ftigt sich w\u00e4hrend der Untersuchung ganzheitlich (holistisch), um die Ursachen der Beschwerden zu finden. Seiner Meinung nach kann nur auf eine solche Art und Weise der Patient effektiv und so wenig wie m\u00f6glich belastend behandelt werden.<\/p>\n\n\n\n<p>Besonders interessant ist f\u00fcr ihn der Zusammenhang zwischen dem wechselnden Luftdruck und hydraulischen Aspekten des Gr\u00fcnen Stars (Glaukom) und Migr\u00e4ne in den Bergen. Dabei st\u00fctzt er sich auf seine Erfahrungen aus dem Tauchen, dem Fallschirmspringen und seiner langj\u00e4hrigen Arbeit mit Piloten der polnischen Luftwaffe. Als Sportlehrer und ehemaliger Profisportler gibt er bei der Suche nach den Ursachen der Krankheit und dem Kampf um die Gesundheit seiner Patienten nie auf.<\/p>\n\n\n\n<p>Seit 7 Jahren mit seiner Familie im Oberwallis \u2013 CH, wo er ab 2017 in der alten Praxis von MV Sant\u00e9 Vision in Visp in der Napoleonstrasse gearbeitet hat und seit 2023 in unserem Augenzentrum Visp als Medizinischer Leiter t\u00e4tig ist.<\/p>\n\n\n\n<p><strong>Dipl.-Ing. Optometristin Anna Nogal<\/strong>; 42-j\u00e4hrige Direktorin Augenzentrum Visp. Absolventin von zwei Polytechnischen Hochschulen. Praxisleiterin in der Augenheilkunde mit 12 Jahren Erfahrung in dieser Position. Eine Fachfrau, die glaubt, dass es keine Medizin ohne Physik gibt. Mitentwicklerin eines nicht-invasiven Tonometers f\u00fcr die hintere Augenkammer des menschlichen Auges (mit ihrem Mann, Dr. P. Nogal).<\/p>\n\n\n\n<figure class=\"wp-block-gallery has-nested-images columns-4 is-cropped wp-block-gallery-1 is-layout-flex wp-block-gallery-is-layout-flex\">\n<figure class=\"wp-block-image size-large\"><img loading=\"lazy\" decoding=\"async\" width=\"2560\" height=\"1707\" data-id=\"596\" src=\"https:\/\/www.augenzentrumvisp.ch\/wp-content\/uploads\/2024\/02\/6989079c-f798-4018-90c9-6ea4b71b1c45-scaled.jpg\" alt=\"Augenzentrumvisp - \u00dcber uns\" class=\"wp-image-596\" srcset=\"https:\/\/www.augenzentrumvisp.ch\/wp-content\/uploads\/2024\/02\/6989079c-f798-4018-90c9-6ea4b71b1c45-scaled.jpg 2560w, https:\/\/www.augenzentrumvisp.ch\/wp-content\/uploads\/2024\/02\/6989079c-f798-4018-90c9-6ea4b71b1c45-scaled-600x400.jpg 600w, https:\/\/www.augenzentrumvisp.ch\/wp-content\/uploads\/2024\/02\/6989079c-f798-4018-90c9-6ea4b71b1c45-300x200.jpg 300w\" sizes=\"auto, (max-width: 2560px) 100vw, 2560px\" \/><\/figure>\n\n\n\n<figure class=\"wp-block-image size-large\"><img loading=\"lazy\" decoding=\"async\" width=\"1024\" height=\"683\" data-id=\"595\" src=\"https:\/\/www.augenzentrumvisp.ch\/wp-content\/uploads\/2024\/02\/cbca80f4-9fcc-43f2-bbb4-6c22047f1ef2-1024x683.jpg\" alt=\"\" class=\"wp-image-595\" srcset=\"https:\/\/www.augenzentrumvisp.ch\/wp-content\/uploads\/2024\/02\/cbca80f4-9fcc-43f2-bbb4-6c22047f1ef2-1024x683.jpg 1024w, https:\/\/www.augenzentrumvisp.ch\/wp-content\/uploads\/2024\/02\/cbca80f4-9fcc-43f2-bbb4-6c22047f1ef2-600x400.jpg 600w, https:\/\/www.augenzentrumvisp.ch\/wp-content\/uploads\/2024\/02\/cbca80f4-9fcc-43f2-bbb4-6c22047f1ef2-300x200.jpg 300w, https:\/\/www.augenzentrumvisp.ch\/wp-content\/uploads\/2024\/02\/cbca80f4-9fcc-43f2-bbb4-6c22047f1ef2-768x512.jpg 768w, https:\/\/www.augenzentrumvisp.ch\/wp-content\/uploads\/2024\/02\/cbca80f4-9fcc-43f2-bbb4-6c22047f1ef2-1536x1024.jpg 1536w, https:\/\/www.augenzentrumvisp.ch\/wp-content\/uploads\/2024\/02\/cbca80f4-9fcc-43f2-bbb4-6c22047f1ef2-2048x1365.jpg 2048w, https:\/\/www.augenzentrumvisp.ch\/wp-content\/uploads\/2024\/02\/cbca80f4-9fcc-43f2-bbb4-6c22047f1ef2-1200x800.jpg 1200w, https:\/\/www.augenzentrumvisp.ch\/wp-content\/uploads\/2024\/02\/cbca80f4-9fcc-43f2-bbb4-6c22047f1ef2-1320x880.jpg 1320w\" sizes=\"auto, (max-width: 1024px) 100vw, 1024px\" \/><\/figure>\n\n\n\n<figure class=\"wp-block-image size-large\"><img loading=\"lazy\" decoding=\"async\" width=\"1024\" height=\"453\" data-id=\"507\" src=\"https:\/\/www.augenzentrumvisp.ch\/wp-content\/uploads\/2022\/01\/cropped-9f1463df-0267-46e6-92aa-ce8491f2e21e-1-scaled-1-1024x453.jpg\" alt=\"\" class=\"wp-image-507\" srcset=\"https:\/\/www.augenzentrumvisp.ch\/wp-content\/uploads\/2022\/01\/cropped-9f1463df-0267-46e6-92aa-ce8491f2e21e-1-scaled-1-1024x453.jpg 1024w, https:\/\/www.augenzentrumvisp.ch\/wp-content\/uploads\/2022\/01\/cropped-9f1463df-0267-46e6-92aa-ce8491f2e21e-1-scaled-1-600x265.jpg 600w, https:\/\/www.augenzentrumvisp.ch\/wp-content\/uploads\/2022\/01\/cropped-9f1463df-0267-46e6-92aa-ce8491f2e21e-1-scaled-1-300x133.jpg 300w, https:\/\/www.augenzentrumvisp.ch\/wp-content\/uploads\/2022\/01\/cropped-9f1463df-0267-46e6-92aa-ce8491f2e21e-1-scaled-1-768x340.jpg 768w, https:\/\/www.augenzentrumvisp.ch\/wp-content\/uploads\/2022\/01\/cropped-9f1463df-0267-46e6-92aa-ce8491f2e21e-1-scaled-1-1536x679.jpg 1536w, https:\/\/www.augenzentrumvisp.ch\/wp-content\/uploads\/2022\/01\/cropped-9f1463df-0267-46e6-92aa-ce8491f2e21e-1-scaled-1-1320x584.jpg 1320w, https:\/\/www.augenzentrumvisp.ch\/wp-content\/uploads\/2022\/01\/cropped-9f1463df-0267-46e6-92aa-ce8491f2e21e-1-scaled-1.jpg 1920w\" sizes=\"auto, (max-width: 1024px) 100vw, 1024px\" \/><\/figure>\n\n\n\n<figure class=\"wp-block-image size-large\"><img loading=\"lazy\" decoding=\"async\" width=\"1024\" height=\"683\" data-id=\"486\" src=\"https:\/\/www.augenzentrumvisp.ch\/wp-content\/uploads\/2023\/01\/ad1e5db6-6e7b-4c54-9d4b-5cdd88944596-1-1024x683.jpg\" alt=\"\" class=\"wp-image-486\" srcset=\"https:\/\/www.augenzentrumvisp.ch\/wp-content\/uploads\/2023\/01\/ad1e5db6-6e7b-4c54-9d4b-5cdd88944596-1-1024x683.jpg 1024w, https:\/\/www.augenzentrumvisp.ch\/wp-content\/uploads\/2023\/01\/ad1e5db6-6e7b-4c54-9d4b-5cdd88944596-1-scaled-600x401.jpg 600w, https:\/\/www.augenzentrumvisp.ch\/wp-content\/uploads\/2023\/01\/ad1e5db6-6e7b-4c54-9d4b-5cdd88944596-1-300x200.jpg 300w, https:\/\/www.augenzentrumvisp.ch\/wp-content\/uploads\/2023\/01\/ad1e5db6-6e7b-4c54-9d4b-5cdd88944596-1-768x513.jpg 768w\" sizes=\"auto, (max-width: 1024px) 100vw, 1024px\" \/><\/figure>\n<\/figure>\n","protected":false},"excerpt":{"rendered":"<p>Dr. Piotr Nogal, Chefarzt; 54-j\u00e4hriger Augenarzt und Diplom Sportlehrer. Der Humanist der menschlich fokussiert ist. Autor des von der Augeninnendruckerh\u00f6hung abh\u00e4ngigen Migr\u00e4nemechanismus. Konstruktor (in Zusammenarbeit mit seiner Frau Dipl.-Ing. Anna [&hellip;]<\/p>\n","protected":false},"author":2,"featured_media":0,"parent":0,"menu_order":0,"comment_status":"closed","ping_status":"closed","template":"","meta":{"_regular_price":[],"currency_symbol":[],"footnotes":""},"class_list":["post-612","page","type-page","status-publish","hentry"],"post_slider_layout_featured_media_urls":{"thumbnail":"","post_slider_layout_landscape_large":"","post_slider_layout_portrait_large":"","post_slider_layout_square_large":"","post_slider_layout_landscape":"","post_slider_layout_portrait":"","post_slider_layout_square":"","full":""},"yoast_head":"<!-- This site is optimized with the Yoast SEO plugin v26.7 - https:\/\/yoast.com\/wordpress\/plugins\/seo\/ -->\n<title>\u00dcber uns - Augenzentrum Visp<\/title>\n<meta name=\"description\" content=\"Dr. Piotr Nogal, Chefarzt; 54-j\u00e4hriger Augenarzt und Diplom Sportlehrer. Der Humanist der menschlich fokussiert ist. Autor des von der Augeninnendruckerh\u00f6hung abh\u00e4ngigen Migr\u00e4nemechanismus. Konstruktor (in Zusammenarbeit mit seiner Frau Dipl.-Ing. Anna Nogal) des nichtinvasiven Tonometers der hinteren Kammer.\" \/>\n<meta name=\"robots\" content=\"index, follow, max-snippet:-1, max-image-preview:large, max-video-preview:-1\" \/>\n<link rel=\"canonical\" href=\"https:\/\/www.augenzentrumvisp.ch\/index.php\/augenzentrumvisp-uber-uns\/\" \/>\n<meta property=\"og:locale\" content=\"pl_PL\" \/>\n<meta property=\"og:type\" content=\"article\" \/>\n<meta property=\"og:title\" content=\"\u00dcber uns - Augenzentrum Visp\" \/>\n<meta property=\"og:description\" content=\"Dr. Piotr Nogal, Chefarzt; 54-j\u00e4hriger Augenarzt und Diplom Sportlehrer. Der Humanist der menschlich fokussiert ist. Autor des von der Augeninnendruckerh\u00f6hung abh\u00e4ngigen Migr\u00e4nemechanismus. Konstruktor (in Zusammenarbeit mit seiner Frau Dipl.-Ing. Anna Nogal) des nichtinvasiven Tonometers der hinteren Kammer.\" \/>\n<meta property=\"og:url\" content=\"https:\/\/www.augenzentrumvisp.ch\/index.php\/augenzentrumvisp-uber-uns\/\" \/>\n<meta property=\"og:site_name\" content=\"Augenzentrum Visp\" \/>\n<meta property=\"article:publisher\" content=\"https:\/\/www.facebook.com\/AugenzentrumVisp\/\" \/>\n<meta property=\"article:modified_time\" content=\"2024-03-17T17:01:47+00:00\" \/>\n<meta property=\"og:image\" content=\"https:\/\/www.augenzentrumvisp.ch\/wp-content\/uploads\/2024\/02\/6989079c-f798-4018-90c9-6ea4b71b1c45-scaled.jpg\" \/>\n<meta name=\"twitter:card\" content=\"summary_large_image\" \/>\n<meta name=\"twitter:label1\" content=\"Szacowany czas czytania\" \/>\n\t<meta name=\"twitter:data1\" content=\"3 minuty\" \/>\n<script type=\"application\/ld+json\" class=\"yoast-schema-graph\">{\"@context\":\"https:\/\/schema.org\",\"@graph\":[{\"@type\":\"WebPage\",\"@id\":\"https:\/\/www.augenzentrumvisp.ch\/index.php\/augenzentrumvisp-uber-uns\/\",\"url\":\"https:\/\/www.augenzentrumvisp.ch\/index.php\/augenzentrumvisp-uber-uns\/\",\"name\":\"\u00dcber uns - Augenzentrum Visp\",\"isPartOf\":{\"@id\":\"https:\/\/www.augenzentrumvisp.ch\/#website\"},\"primaryImageOfPage\":{\"@id\":\"https:\/\/www.augenzentrumvisp.ch\/index.php\/augenzentrumvisp-uber-uns\/#primaryimage\"},\"image\":{\"@id\":\"https:\/\/www.augenzentrumvisp.ch\/index.php\/augenzentrumvisp-uber-uns\/#primaryimage\"},\"thumbnailUrl\":\"https:\/\/www.augenzentrumvisp.ch\/wp-content\/uploads\/2024\/02\/6989079c-f798-4018-90c9-6ea4b71b1c45-scaled.jpg\",\"datePublished\":\"2024-02-10T19:26:16+00:00\",\"dateModified\":\"2024-03-17T17:01:47+00:00\",\"description\":\"Dr. Piotr Nogal, Chefarzt; 54-j\u00e4hriger Augenarzt und Diplom Sportlehrer. Der Humanist der menschlich fokussiert ist. Autor des von der Augeninnendruckerh\u00f6hung abh\u00e4ngigen Migr\u00e4nemechanismus. Konstruktor (in Zusammenarbeit mit seiner Frau Dipl.-Ing. Anna Nogal) des nichtinvasiven Tonometers der hinteren Kammer.\",\"breadcrumb\":{\"@id\":\"https:\/\/www.augenzentrumvisp.ch\/index.php\/augenzentrumvisp-uber-uns\/#breadcrumb\"},\"inLanguage\":\"pl-PL\",\"potentialAction\":[{\"@type\":\"ReadAction\",\"target\":[\"https:\/\/www.augenzentrumvisp.ch\/index.php\/augenzentrumvisp-uber-uns\/\"]}]},{\"@type\":\"ImageObject\",\"inLanguage\":\"pl-PL\",\"@id\":\"https:\/\/www.augenzentrumvisp.ch\/index.php\/augenzentrumvisp-uber-uns\/#primaryimage\",\"url\":\"https:\/\/www.augenzentrumvisp.ch\/wp-content\/uploads\/2024\/02\/6989079c-f798-4018-90c9-6ea4b71b1c45-scaled.jpg\",\"contentUrl\":\"https:\/\/www.augenzentrumvisp.ch\/wp-content\/uploads\/2024\/02\/6989079c-f798-4018-90c9-6ea4b71b1c45-scaled.jpg\",\"width\":2560,\"height\":1707,\"caption\":\"Augenzentrum Visp\"},{\"@type\":\"BreadcrumbList\",\"@id\":\"https:\/\/www.augenzentrumvisp.ch\/index.php\/augenzentrumvisp-uber-uns\/#breadcrumb\",\"itemListElement\":[{\"@type\":\"ListItem\",\"position\":1,\"name\":\"Strona g\u0142\u00f3wna\",\"item\":\"https:\/\/www.augenzentrumvisp.ch\/\"},{\"@type\":\"ListItem\",\"position\":2,\"name\":\"\u00dcber uns\"}]},{\"@type\":\"WebSite\",\"@id\":\"https:\/\/www.augenzentrumvisp.ch\/#website\",\"url\":\"https:\/\/www.augenzentrumvisp.ch\/\",\"name\":\"Augenzentum Visp\",\"description\":\"\",\"publisher\":{\"@id\":\"https:\/\/www.augenzentrumvisp.ch\/#organization\"},\"potentialAction\":[{\"@type\":\"SearchAction\",\"target\":{\"@type\":\"EntryPoint\",\"urlTemplate\":\"https:\/\/www.augenzentrumvisp.ch\/?s={search_term_string}\"},\"query-input\":{\"@type\":\"PropertyValueSpecification\",\"valueRequired\":true,\"valueName\":\"search_term_string\"}}],\"inLanguage\":\"pl-PL\"},{\"@type\":\"Organization\",\"@id\":\"https:\/\/www.augenzentrumvisp.ch\/#organization\",\"name\":\"Augenzentum Visp\",\"url\":\"https:\/\/www.augenzentrumvisp.ch\/\",\"logo\":{\"@type\":\"ImageObject\",\"inLanguage\":\"pl-PL\",\"@id\":\"https:\/\/www.augenzentrumvisp.ch\/#\/schema\/logo\/image\/\",\"url\":\"https:\/\/www.augenzentrumvisp.ch\/wp-content\/uploads\/2024\/02\/cropped-logo1-niebieski-scaled-2.jpg\",\"contentUrl\":\"https:\/\/www.augenzentrumvisp.ch\/wp-content\/uploads\/2024\/02\/cropped-logo1-niebieski-scaled-2.jpg\",\"width\":2467,\"height\":414,\"caption\":\"Augenzentum Visp\"},\"image\":{\"@id\":\"https:\/\/www.augenzentrumvisp.ch\/#\/schema\/logo\/image\/\"},\"sameAs\":[\"https:\/\/www.facebook.com\/AugenzentrumVisp\/\",\"https:\/\/www.linkedin.com\/in\/piotr-nogal-md-4442a41a0\/\"]}]}<\/script>\n<!-- \/ Yoast SEO plugin. -->","yoast_head_json":{"title":"\u00dcber uns - Augenzentrum Visp","description":"Dr. Piotr Nogal, Chefarzt; 54-j\u00e4hriger Augenarzt und Diplom Sportlehrer. Der Humanist der menschlich fokussiert ist. Autor des von der Augeninnendruckerh\u00f6hung abh\u00e4ngigen Migr\u00e4nemechanismus. Konstruktor (in Zusammenarbeit mit seiner Frau Dipl.-Ing. Anna Nogal) des nichtinvasiven Tonometers der hinteren Kammer.","robots":{"index":"index","follow":"follow","max-snippet":"max-snippet:-1","max-image-preview":"max-image-preview:large","max-video-preview":"max-video-preview:-1"},"canonical":"https:\/\/www.augenzentrumvisp.ch\/index.php\/augenzentrumvisp-uber-uns\/","og_locale":"pl_PL","og_type":"article","og_title":"\u00dcber uns - Augenzentrum Visp","og_description":"Dr. Piotr Nogal, Chefarzt; 54-j\u00e4hriger Augenarzt und Diplom Sportlehrer. Der Humanist der menschlich fokussiert ist. Autor des von der Augeninnendruckerh\u00f6hung abh\u00e4ngigen Migr\u00e4nemechanismus. Konstruktor (in Zusammenarbeit mit seiner Frau Dipl.-Ing. Anna Nogal) des nichtinvasiven Tonometers der hinteren Kammer.","og_url":"https:\/\/www.augenzentrumvisp.ch\/index.php\/augenzentrumvisp-uber-uns\/","og_site_name":"Augenzentrum Visp","article_publisher":"https:\/\/www.facebook.com\/AugenzentrumVisp\/","article_modified_time":"2024-03-17T17:01:47+00:00","og_image":[{"url":"https:\/\/www.augenzentrumvisp.ch\/wp-content\/uploads\/2024\/02\/6989079c-f798-4018-90c9-6ea4b71b1c45-scaled.jpg","type":"","width":"","height":""}],"twitter_card":"summary_large_image","twitter_misc":{"Szacowany czas czytania":"3 minuty"},"schema":{"@context":"https:\/\/schema.org","@graph":[{"@type":"WebPage","@id":"https:\/\/www.augenzentrumvisp.ch\/index.php\/augenzentrumvisp-uber-uns\/","url":"https:\/\/www.augenzentrumvisp.ch\/index.php\/augenzentrumvisp-uber-uns\/","name":"\u00dcber uns - Augenzentrum Visp","isPartOf":{"@id":"https:\/\/www.augenzentrumvisp.ch\/#website"},"primaryImageOfPage":{"@id":"https:\/\/www.augenzentrumvisp.ch\/index.php\/augenzentrumvisp-uber-uns\/#primaryimage"},"image":{"@id":"https:\/\/www.augenzentrumvisp.ch\/index.php\/augenzentrumvisp-uber-uns\/#primaryimage"},"thumbnailUrl":"https:\/\/www.augenzentrumvisp.ch\/wp-content\/uploads\/2024\/02\/6989079c-f798-4018-90c9-6ea4b71b1c45-scaled.jpg","datePublished":"2024-02-10T19:26:16+00:00","dateModified":"2024-03-17T17:01:47+00:00","description":"Dr. Piotr Nogal, Chefarzt; 54-j\u00e4hriger Augenarzt und Diplom Sportlehrer. Der Humanist der menschlich fokussiert ist. Autor des von der Augeninnendruckerh\u00f6hung abh\u00e4ngigen Migr\u00e4nemechanismus. Konstruktor (in Zusammenarbeit mit seiner Frau Dipl.-Ing. Anna Nogal) des nichtinvasiven Tonometers der hinteren Kammer.","breadcrumb":{"@id":"https:\/\/www.augenzentrumvisp.ch\/index.php\/augenzentrumvisp-uber-uns\/#breadcrumb"},"inLanguage":"pl-PL","potentialAction":[{"@type":"ReadAction","target":["https:\/\/www.augenzentrumvisp.ch\/index.php\/augenzentrumvisp-uber-uns\/"]}]},{"@type":"ImageObject","inLanguage":"pl-PL","@id":"https:\/\/www.augenzentrumvisp.ch\/index.php\/augenzentrumvisp-uber-uns\/#primaryimage","url":"https:\/\/www.augenzentrumvisp.ch\/wp-content\/uploads\/2024\/02\/6989079c-f798-4018-90c9-6ea4b71b1c45-scaled.jpg","contentUrl":"https:\/\/www.augenzentrumvisp.ch\/wp-content\/uploads\/2024\/02\/6989079c-f798-4018-90c9-6ea4b71b1c45-scaled.jpg","width":2560,"height":1707,"caption":"Augenzentrum Visp"},{"@type":"BreadcrumbList","@id":"https:\/\/www.augenzentrumvisp.ch\/index.php\/augenzentrumvisp-uber-uns\/#breadcrumb","itemListElement":[{"@type":"ListItem","position":1,"name":"Strona g\u0142\u00f3wna","item":"https:\/\/www.augenzentrumvisp.ch\/"},{"@type":"ListItem","position":2,"name":"\u00dcber uns"}]},{"@type":"WebSite","@id":"https:\/\/www.augenzentrumvisp.ch\/#website","url":"https:\/\/www.augenzentrumvisp.ch\/","name":"Augenzentum Visp","description":"","publisher":{"@id":"https:\/\/www.augenzentrumvisp.ch\/#organization"},"potentialAction":[{"@type":"SearchAction","target":{"@type":"EntryPoint","urlTemplate":"https:\/\/www.augenzentrumvisp.ch\/?s={search_term_string}"},"query-input":{"@type":"PropertyValueSpecification","valueRequired":true,"valueName":"search_term_string"}}],"inLanguage":"pl-PL"},{"@type":"Organization","@id":"https:\/\/www.augenzentrumvisp.ch\/#organization","name":"Augenzentum Visp","url":"https:\/\/www.augenzentrumvisp.ch\/","logo":{"@type":"ImageObject","inLanguage":"pl-PL","@id":"https:\/\/www.augenzentrumvisp.ch\/#\/schema\/logo\/image\/","url":"https:\/\/www.augenzentrumvisp.ch\/wp-content\/uploads\/2024\/02\/cropped-logo1-niebieski-scaled-2.jpg","contentUrl":"https:\/\/www.augenzentrumvisp.ch\/wp-content\/uploads\/2024\/02\/cropped-logo1-niebieski-scaled-2.jpg","width":2467,"height":414,"caption":"Augenzentum Visp"},"image":{"@id":"https:\/\/www.augenzentrumvisp.ch\/#\/schema\/logo\/image\/"},"sameAs":["https:\/\/www.facebook.com\/AugenzentrumVisp\/","https:\/\/www.linkedin.com\/in\/piotr-nogal-md-4442a41a0\/"]}]}},"_links":{"self":[{"href":"https:\/\/www.augenzentrumvisp.ch\/index.php\/wp-json\/wp\/v2\/pages\/612","targetHints":{"allow":["GET"]}}],"collection":[{"href":"https:\/\/www.augenzentrumvisp.ch\/index.php\/wp-json\/wp\/v2\/pages"}],"about":[{"href":"https:\/\/www.augenzentrumvisp.ch\/index.php\/wp-json\/wp\/v2\/types\/page"}],"author":[{"embeddable":true,"href":"https:\/\/www.augenzentrumvisp.ch\/index.php\/wp-json\/wp\/v2\/users\/2"}],"replies":[{"embeddable":true,"href":"https:\/\/www.augenzentrumvisp.ch\/index.php\/wp-json\/wp\/v2\/comments?post=612"}],"version-history":[{"count":5,"href":"https:\/\/www.augenzentrumvisp.ch\/index.php\/wp-json\/wp\/v2\/pages\/612\/revisions"}],"predecessor-version":[{"id":763,"href":"https:\/\/www.augenzentrumvisp.ch\/index.php\/wp-json\/wp\/v2\/pages\/612\/revisions\/763"}],"wp:attachment":[{"href":"https:\/\/www.augenzentrumvisp.ch\/index.php\/wp-json\/wp\/v2\/media?parent=612"}],"curies":[{"name":"wp","href":"https:\/\/api.w.org\/{rel}","templated":true}]}}